{"id":212,"date":"2020-01-01T16:48:27","date_gmt":"2020-01-01T16:48:27","guid":{"rendered":"http:\/\/wpoffice\/enfold-split\/?page_id=212"},"modified":"2020-03-12T09:21:55","modified_gmt":"2020-03-12T09:21:55","slug":"home","status":"publish","type":"page","link":"https:\/\/www.bigfish-angeln.de\/","title":{"rendered":"Home"},"content":{"rendered":"<div id='willkommen'  class='av-layout-grid-container entry-content-wrapper main_color av-flex-cells     avia-builder-el-0  el_before_av_layout_row  avia-builder-el-first  av-cell-min-height av-cell-min-height-100 container_wrap fullsize' style=' '   data-av_minimum_height_pc='100'>\n<div class=\"flex_cell no_margin av_one_half  avia-builder-el-1  el_before_av_cell_one_half  avia-builder-el-first   avia-full-stretch \" style='background:url(https:\/\/www.bigfish-angeln.de\/wp-content\/uploads\/2020\/01\/angelladen-erkner-bigfish.jpg) top center no-repeat scroll; vertical-align:middle; padding:200px 0px 200px 0px ; '><div class='flex_cell_inner' ><\/div><\/div><div class=\"flex_cell no_margin av_one_half  avia-builder-el-2  el_after_av_cell_one_half  avia-builder-el-last   avia-full-stretch \" style='background:linear-gradient(to bottom right,#1589b7,#3364ea); vertical-align:middle; padding:100px; background-color:#1589b7; '><div class='flex_cell_inner' ><p><div class=\"flex_column av_one_full  flex_column_div av-zero-column-padding first  avia-builder-el-3  el_before_av_one_fifth  avia-builder-el-first  \" style='border-radius:0px; '><section class=\"av_textblock_section \"  itemscope=\"itemscope\" itemtype=\"https:\/\/schema.org\/CreativeWork\" ><div class='avia_textblock  av_inherit_color '  style='color:#ffffff; '  itemprop=\"text\" ><h1 style=\"text-transform: uppercase; vertical-align: bottom; transform: rotate(-3deg);\">Petri<\/h1>\n<\/div><\/section><\/div><div class=\"flex_column av_one_fifth  flex_column_div av-zero-column-padding first  avia-builder-el-5  el_after_av_one_full  el_before_av_four_fifth  column-top-margin\" style='border-radius:0px; '><\/div><div class=\"flex_column av_four_fifth  flex_column_div av-zero-column-padding   avia-builder-el-6  el_after_av_one_fifth  avia-builder-el-last  column-top-margin\" style='border-radius:0px; '><section class=\"av_textblock_section \"  itemscope=\"itemscope\" itemtype=\"https:\/\/schema.org\/CreativeWork\" ><div class='avia_textblock  av_inherit_color '  style='color:#ffffff; '  itemprop=\"text\" ><h2 style=\"text-align: left;\">Wer <em>mit uns<\/em> angelt, ist vor Fisch nicht sicher.<\/h2>\n<\/div><\/section><br \/>\n<div  style=' margin-top:10px; margin-bottom:10px;'  class='hr hr-custom hr-center hr-icon-no   avia-builder-el-8  el_after_av_textblock  el_before_av_textblock '><span class='hr-inner   inner-border-av-border-none' style=' width:50px;' ><span class='hr-inner-style'><\/span><\/span><\/div><br \/>\n<section class=\"av_textblock_section \"  itemscope=\"itemscope\" itemtype=\"https:\/\/schema.org\/CreativeWork\" ><div class='avia_textblock  av_inherit_color '  style='color:#ffffff; '  itemprop=\"text\" ><p>Alles was ihr daf\u00fcr braucht, gibt es hier \u2013 im BIGFISH SHOP in Erkner <strong>Beratung<\/strong> <strong>u<\/strong>. <strong>Verkauf \u00a0von echten Anglern<\/strong><\/p>\n<p>Gro\u00dfe Auswahl, Viele tolle Marken und Services rund ums Angeln (Angelkarten, Fischereiabgabemarken, Fischereischein Pr\u00fcfung usw\u2026)<\/p>\n<p>Kommt rein, schaut euch um, lasst euch bei Kaffee und hausgemachtem Eis beraten!<\/p>\n<p>Oder nutz zu jeder Tages und Nachtzeit unseren 24 h K\u00d6DERAUTOMAT<\/p>\n<p>Das Team von BIGFISH freut sich auf euch.<\/p>\n<\/div><\/section><\/p><\/div><\/p>\n<\/div><\/div>\n<\/div>\n<div id='einblick'  class='av-layout-grid-container entry-content-wrapper main_color av-flex-cells     avia-builder-el-10  el_after_av_layout_row  el_before_av_layout_row  av-cell-min-height av-cell-min-height-80 submenu-not-first container_wrap fullsize' style=' '   data-av_minimum_height_pc='80'>\n<div class=\"flex_cell no_margin av_one_half  avia-builder-el-11  el_before_av_cell_one_half  avia-builder-el-first   avia-full-contain \" style='background:linear-gradient(45deg,#1589b7,#8cbd2f); vertical-align:middle; padding:120px; background-color:#d3c3bc; '><div class='flex_cell_inner' ><p><div class=\"flex_column av_one_full  flex_column_div av-zero-column-padding first  avia-builder-el-12  el_before_av_one_fifth  avia-builder-el-first  \" style='border-radius:0px; '><section class=\"av_textblock_section \"  itemscope=\"itemscope\" itemtype=\"https:\/\/schema.org\/CreativeWork\" ><div class='avia_textblock  av_inherit_color '  style='color:#ffffff; '  itemprop=\"text\" ><h1 style=\"text-transform: uppercase; vertical-align: bottom; transform: rotate(-3deg);\">ein Kurzer einBlick<\/h1>\n<\/div><\/section><\/div><div class=\"flex_column av_one_fifth  flex_column_div av-zero-column-padding first  avia-builder-el-14  el_after_av_one_full  el_before_av_four_fifth  column-top-margin\" style='border-radius:0px; '><\/div><div class=\"flex_column av_four_fifth  flex_column_div av-zero-column-padding   avia-builder-el-15  el_after_av_one_fifth  el_before_av_one_full  column-top-margin\" style='border-radius:0px; '><section class=\"av_textblock_section \"  itemscope=\"itemscope\" itemtype=\"https:\/\/schema.org\/CreativeWork\" ><div class='avia_textblock  av_inherit_color '  style='color:#ffffff; '  itemprop=\"text\" ><h2 style=\"text-align: left;\">Ein kurzer Blick verr\u00e4t, nicht nur der passionierte Angler ist in unserem gut und \u00fcbersichtlich sortierten Gesch\u00e4ft willkommen und wird schnell f\u00fcndig.<\/h2>\n<\/div><\/section><\/div><div class=\"flex_column av_one_full  flex_column_div av-zero-column-padding first  avia-builder-el-17  el_after_av_four_fifth  avia-builder-el-last  \" style='border-radius:0px; '><p><div  style=' margin-top:10px; margin-bottom:10px;'  class='hr hr-custom hr-center hr-icon-no   avia-builder-el-18  el_before_av_masonry_gallery  avia-builder-el-no-sibling '><span class='hr-inner   inner-border-av-border-none' style=' width:50px;' ><span class='hr-inner-style'><\/span><\/span><\/div><br \/>\n<div id='av-masonry-1' class='av-masonry  noHover av-fixed-size av-large-gap av-hover-overlay- av-masonry-animation-active av-masonry-col-2 av-caption-always av-caption-style- av-masonry-gallery   av-orientation-square  ' style='background-color:#1589b7; ' ><div class='av-masonry-container isotope av-js-disabled ' ><div class='av-masonry-entry isotope-item av-masonry-item-no-image '><\/div><div id='av-masonry-1-item-295' data-av-masonry-item='295' class='av-masonry-entry isotope-item post-295 attachment type-attachment status-inherit hentry  av-masonry-item-with-image'   itemprop=\"thumbnailUrl\" ><div class='av-inner-masonry-sizer'><\/div><figure class='av-inner-masonry main_color'><div class=\"av-masonry-outerimage-container\"><div class=\"av-masonry-image-container\" style=\"background-image: url(https:\/\/www.bigfish-angeln.de\/wp-content\/uploads\/2020\/01\/IMG_9258-705x502.jpg);\" title=\"IMG_9258\" ><\/div><\/div><\/figure><\/div><!--end av-masonry entry--><div id='av-masonry-1-item-297' data-av-masonry-item='297' class='av-masonry-entry isotope-item post-297 attachment type-attachment status-inherit hentry  av-masonry-item-with-image'   itemprop=\"thumbnailUrl\" ><div class='av-inner-masonry-sizer'><\/div><figure class='av-inner-masonry main_color'><div class=\"av-masonry-outerimage-container\"><div class=\"av-masonry-image-container\" style=\"background-image: url(https:\/\/www.bigfish-angeln.de\/wp-content\/uploads\/2020\/01\/IMG_9269-705x502.jpg);\" title=\"IMG_9269\" ><\/div><\/div><\/figure><\/div><!--end av-masonry entry--><div id='av-masonry-1-item-299' data-av-masonry-item='299' class='av-masonry-entry isotope-item post-299 attachment type-attachment status-inherit hentry  av-masonry-item-with-image'   itemprop=\"thumbnailUrl\" ><div class='av-inner-masonry-sizer'><\/div><figure class='av-inner-masonry main_color'><div class=\"av-masonry-outerimage-container\"><div class=\"av-masonry-image-container\" style=\"background-image: url(https:\/\/www.bigfish-angeln.de\/wp-content\/uploads\/2020\/01\/IMG_9275-705x502.jpg);\" title=\"IMG_9275\" ><\/div><\/div><\/figure><\/div><!--end av-masonry entry--><div id='av-masonry-1-item-301' data-av-masonry-item='301' class='av-masonry-entry isotope-item post-301 attachment type-attachment status-inherit hentry  av-masonry-item-with-image'   itemprop=\"thumbnailUrl\" ><div class='av-inner-masonry-sizer'><\/div><figure class='av-inner-masonry main_color'><div class=\"av-masonry-outerimage-container\"><div class=\"av-masonry-image-container\" style=\"background-image: url(https:\/\/www.bigfish-angeln.de\/wp-content\/uploads\/2020\/01\/IMG_9296-705x502.jpg);\" title=\"IMG_9296\" ><\/div><\/div><\/figure><\/div><!--end av-masonry entry--><div id='av-masonry-1-item-300' data-av-masonry-item='300' class='av-masonry-entry isotope-item post-300 attachment type-attachment status-inherit hentry  av-masonry-item-with-image'   itemprop=\"thumbnailUrl\" ><div class='av-inner-masonry-sizer'><\/div><figure class='av-inner-masonry main_color'><div class=\"av-masonry-outerimage-container\"><div class=\"av-masonry-image-container\" style=\"background-image: url(https:\/\/www.bigfish-angeln.de\/wp-content\/uploads\/2020\/01\/IMG_9285-705x502.jpg);\" title=\"IMG_9285\" ><\/div><\/div><\/figure><\/div><!--end av-masonry entry--><div id='av-masonry-1-item-302' data-av-masonry-item='302' class='av-masonry-entry isotope-item post-302 attachment type-attachment status-inherit hentry  av-masonry-item-with-image'   itemprop=\"thumbnailUrl\" ><div class='av-inner-masonry-sizer'><\/div><figure class='av-inner-masonry main_color'><div class=\"av-masonry-outerimage-container\"><div class=\"av-masonry-image-container\" style=\"background-image: url(https:\/\/www.bigfish-angeln.de\/wp-content\/uploads\/2020\/01\/IMG_9288-705x502.jpg);\" title=\"IMG_9288\" ><\/div><\/div><\/figure><\/div><!--end av-masonry entry--><\/div><\/div><\/p><\/div><\/p>\n<\/div><\/div><div class=\"flex_cell no_margin av_one_half  avia-builder-el-20  el_after_av_cell_one_half  avia-builder-el-last   avia-full-stretch av-hide-on-mobile  \" style='background:url(https:\/\/www.bigfish-angeln.de\/wp-content\/uploads\/2020\/02\/bigfish_pic_angeshop_quer_2-scaled.jpg) top center no-repeat fixed; vertical-align:middle; padding:200px; '><div class='flex_cell_inner' ><\/div><\/div>\n<\/div>\n<div id='angebote'  class='av-layout-grid-container entry-content-wrapper main_color av-flex-cells     avia-builder-el-21  el_after_av_layout_row  el_before_av_layout_row  av-cell-min-height av-cell-min-height-100 submenu-not-first container_wrap fullsize' style=' '   data-av_minimum_height_pc='100'>\n<div class=\"flex_cell no_margin av_one_half  avia-builder-el-22  el_before_av_cell_one_half  avia-builder-el-first   avia-full-stretch av-hide-on-mobile  \" style='background:url(https:\/\/www.bigfish-angeln.de\/wp-content\/uploads\/2020\/01\/angelladen-erkner-koederautomat.jpg) top center no-repeat scroll; vertical-align:middle; padding:100px; '><div class='flex_cell_inner' ><\/div><\/div><div class=\"flex_cell no_margin av_one_half  avia-builder-el-23  el_after_av_cell_one_half  avia-builder-el-last   avia-full-contain \" style='background:linear-gradient(to bottom right,#3364ea,#1589b7); vertical-align:middle; padding:100px; background-color:#b1f534; '><div class='flex_cell_inner' ><p><div class=\"flex_column av_one_full  flex_column_div av-zero-column-padding first  avia-builder-el-24  el_before_av_one_fifth  avia-builder-el-first  \" style='border-radius:0px; '><section class=\"av_textblock_section \"  itemscope=\"itemscope\" itemtype=\"https:\/\/schema.org\/CreativeWork\" ><div class='avia_textblock  av_inherit_color '  style='color:#ffffff; '  itemprop=\"text\" ><h1 style=\"text-transform: uppercase; vertical-align: bottom; transform: rotate(-3deg);\">unser Angebot<\/h1>\n<\/div><\/section><\/div><div class=\"flex_column av_one_fifth  flex_column_div av-zero-column-padding first  avia-builder-el-26  el_after_av_one_full  el_before_av_four_fifth  column-top-margin\" style='border-radius:0px; '><\/div><div class=\"flex_column av_four_fifth  flex_column_div av-zero-column-padding   avia-builder-el-27  el_after_av_one_fifth  avia-builder-el-last  column-top-margin\" style='border-radius:0px; '><section class=\"av_textblock_section \"  itemscope=\"itemscope\" itemtype=\"https:\/\/schema.org\/CreativeWork\" ><div class='avia_textblock  av_inherit_color '  style='color:#ffffff; '  itemprop=\"text\" ><h2 style=\"text-align: left;\">Beratung und Verkauf auf gut sortierten 150 qm und von echten Anglern.<\/h2>\n<\/div><\/section><br \/>\n<div  style=' margin-top:10px; margin-bottom:10px;'  class='hr hr-custom hr-center hr-icon-no   avia-builder-el-29  el_after_av_textblock  el_before_av_textblock '><span class='hr-inner   inner-border-av-border-none' style=' width:50px;' ><span class='hr-inner-style'><\/span><\/span><\/div><br \/>\n<section class=\"av_textblock_section \"  itemscope=\"itemscope\" itemtype=\"https:\/\/schema.org\/CreativeWork\" ><div class='avia_textblock  av_inherit_color '  style='color:#ffffff; '  itemprop=\"text\" ><p>24h K\u00f6derautomat<\/p>\n<p>Service und kleine Reparaturen<\/p>\n<p>Kunstk\u00f6der Schulungen f\u00fcr Einsteiger mit unserem Angelboot<\/p>\n<p>Fischereiabgabemarken und Fischereischein-Service<\/p>\n<p>Kinderangeln<\/p>\n<p>Angelverein (Mitglied im LAVB)<\/p>\n<p>Angelkarten<\/p>\n<\/div><\/section><\/p><\/div><\/p>\n<\/div><\/div>\n<\/div>\n<div id='angelkarten'  class='av-layout-grid-container entry-content-wrapper main_color av-flex-cells     avia-builder-el-31  el_after_av_layout_row  el_before_av_layout_row  av-cell-min-height av-cell-min-height-100 submenu-not-first container_wrap fullsize' style=' '   data-av_minimum_height_pc='100'>\n<div class=\"flex_cell no_margin av_one_half  avia-builder-el-32  el_before_av_cell_one_half  avia-builder-el-first   avia-full-contain \" style='background:linear-gradient(45deg,#1589b7,#8cbd2f); vertical-align:middle; padding:100px; background-color:#8cbd2f; '><div class='flex_cell_inner' ><p><div class=\"flex_column av_one_full  flex_column_div av-zero-column-padding first  avia-builder-el-33  el_before_av_one_fifth  avia-builder-el-first  \" style='border-radius:0px; '><section class=\"av_textblock_section \"  itemscope=\"itemscope\" itemtype=\"https:\/\/schema.org\/CreativeWork\" ><div class='avia_textblock  av_inherit_color '  style='color:#ffffff; '  itemprop=\"text\" ><h1 style=\"text-transform: uppercase; vertical-align: bottom; transform: rotate(-3deg);\">Angel\u00adkarten<\/h1>\n<\/div><\/section><\/div><div class=\"flex_column av_one_fifth  flex_column_div av-zero-column-padding first  avia-builder-el-35  el_after_av_one_full  el_before_av_four_fifth  column-top-margin\" style='border-radius:0px; '><\/div><div class=\"flex_column av_four_fifth  flex_column_div av-zero-column-padding   avia-builder-el-36  el_after_av_one_fifth  avia-builder-el-last  column-top-margin\" style='border-radius:0px; '><section class=\"av_textblock_section \"  itemscope=\"itemscope\" itemtype=\"https:\/\/schema.org\/CreativeWork\" ><div class='avia_textblock  av_inherit_color '  style='color:#ffffff; '  itemprop=\"text\" ><h2 style=\"text-align: left;\">Bei uns bekommt ihr Angelkarten folgender Partner.<\/h2>\n<\/div><\/section><br \/>\n<div  style=' margin-top:10px; margin-bottom:10px;'  class='hr hr-custom hr-center hr-icon-no   avia-builder-el-38  el_after_av_textblock  el_before_av_textblock '><span class='hr-inner   inner-border-av-border-none' style=' width:50px;' ><span class='hr-inner-style'><\/span><\/span><\/div><br \/>\n<section class=\"av_textblock_section \"  itemscope=\"itemscope\" itemtype=\"https:\/\/schema.org\/CreativeWork\" ><div class='avia_textblock  av_inherit_color '  style='color:#ffffff; '  itemprop=\"text\" ><p>Fischereischutzgemeinschaft Oder e.V.<\/p>\n<p>Fischerei Am Kaniswall L\u00f6cknitz<\/p>\n<p>K\u00f6penicker Fischervereinigung<\/p>\n<p>Schleuse Wernsdorf<\/p>\n<p>DAV ( LAVB)<\/p>\n<p>Heidereuter See<\/p>\n<p>Priester See<\/p>\n<\/div><\/section><\/p><\/div><\/p>\n<\/div><\/div><div class=\"flex_cell no_margin av_one_half  avia-builder-el-40  el_after_av_cell_one_half  avia-builder-el-last   avia-full-stretch av-hide-on-mobile  \" style='background:url(https:\/\/www.bigfish-angeln.de\/wp-content\/uploads\/2020\/01\/IMG_6200.jpg) center right no-repeat fixed; vertical-align:middle; padding:100px; '><div class='flex_cell_inner' ><\/div><\/div>\n<\/div>\n<div id='marken'  class='av-layout-grid-container entry-content-wrapper main_color av-flex-cells     avia-builder-el-41  el_after_av_layout_row  el_before_av_layout_row  av-cell-min-height av-cell-min-height-100 submenu-not-first container_wrap fullsize' style=' '   data-av_minimum_height_pc='100'>\n<div class=\"flex_cell no_margin av_one_half  avia-builder-el-42  el_before_av_cell_one_half  avia-builder-el-first   avia-full-stretch av-hide-on-mobile  \" style='background:url(https:\/\/www.bigfish-angeln.de\/wp-content\/uploads\/2020\/01\/angelladen-erkner-marken.jpg) top center no-repeat scroll; vertical-align:middle; padding:100px; '><div class='flex_cell_inner' ><\/div><\/div><div class=\"flex_cell no_margin av_one_half  avia-builder-el-43  el_after_av_cell_one_half  avia-builder-el-last   avia-full-contain \" style='background:linear-gradient(to bottom right,#3364ea,#1589b7); vertical-align:middle; padding:100px; background-color:#006751; '><div class='flex_cell_inner' ><p><div class=\"flex_column av_one_full  flex_column_div av-zero-column-padding first  avia-builder-el-44  el_before_av_one_fifth  avia-builder-el-first  \" style='border-radius:0px; '><section class=\"av_textblock_section \"  itemscope=\"itemscope\" itemtype=\"https:\/\/schema.org\/CreativeWork\" ><div class='avia_textblock  av_inherit_color '  style='color:#ffffff; '  itemprop=\"text\" ><h1 style=\"text-transform: uppercase; vertical-align: bottom; transform: rotate(-3deg);\">Marken<\/h1>\n<\/div><\/section><\/div><div class=\"flex_column av_one_fifth  flex_column_div av-zero-column-padding first  avia-builder-el-46  el_after_av_one_full  el_before_av_four_fifth  column-top-margin\" style='border-radius:0px; '><\/div><div class=\"flex_column av_four_fifth  flex_column_div av-zero-column-padding   avia-builder-el-47  el_after_av_one_fifth  el_before_av_one_full  column-top-margin\" style='border-radius:0px; '><section class=\"av_textblock_section \"  itemscope=\"itemscope\" itemtype=\"https:\/\/schema.org\/CreativeWork\" ><div class='avia_textblock  av_inherit_color '  style='color:#ffffff; '  itemprop=\"text\" ><h2 style=\"text-align: left;\">Beliebte Marken, die ihr in unserem Angelshop findet.<\/h2>\n<\/div><\/section><\/div><div class=\"flex_column av_one_full  flex_column_div av-zero-column-padding first  avia-builder-el-49  el_after_av_four_fifth  el_before_av_one_fifth  \" style='border-radius:0px; '><div  style=' margin-top:10px; margin-bottom:0px;'  class='hr hr-custom hr-center hr-icon-no   avia-builder-el-50  avia-builder-el-no-sibling '><span class='hr-inner   inner-border-av-border-none' style=' width:50px;' ><span class='hr-inner-style'><\/span><\/span><\/div><\/div><div class=\"flex_column av_one_fifth  flex_column_div av-zero-column-padding first  avia-builder-el-51  el_after_av_one_full  el_before_av_two_fifth  column-top-margin\" style='border-radius:0px; '><\/div><div class=\"flex_column av_two_fifth  flex_column_div av-zero-column-padding   avia-builder-el-52  el_after_av_one_fifth  el_before_av_two_fifth  column-top-margin\" style='border-radius:0px; '><section class=\"av_textblock_section \"  itemscope=\"itemscope\" itemtype=\"https:\/\/schema.org\/CreativeWork\" ><div class='avia_textblock  av_inherit_color '  style='color:#ffffff; '  itemprop=\"text\" ><p style=\"text-align: left;\">Bass Assassin<\/p>\n<p style=\"text-align: left;\">BIGFISH<\/p>\n<p style=\"text-align: left;\">Camo Tackle<\/p>\n<p style=\"text-align: left;\">ECOGEAR<\/p>\n<p style=\"text-align: left;\">Gunki<\/p>\n<p style=\"text-align: left;\">Illex<\/p>\n<p style=\"text-align: left;\">Jackson<\/p>\n<\/div><\/section><\/div><div class=\"flex_column av_two_fifth  flex_column_div av-zero-column-padding   avia-builder-el-54  el_after_av_two_fifth  avia-builder-el-last  column-top-margin\" style='border-radius:0px; '><section class=\"av_textblock_section \"  itemscope=\"itemscope\" itemtype=\"https:\/\/schema.org\/CreativeWork\" ><div class='avia_textblock  av_inherit_color '  style='color:#ffffff; '  itemprop=\"text\" ><p style=\"text-align: left;\">Jenzi<\/p>\n<p style=\"text-align: left;\">KEITECH<\/p>\n<p style=\"text-align: left;\">Lunker City<\/p>\n<p style=\"text-align: left;\">Myran<\/p>\n<p style=\"text-align: left;\">Nories<\/p>\n<p style=\"text-align: left;\">Sensas<\/p>\n<\/div><\/section><\/div><\/p>\n<\/div><\/div>\n<\/div>\n<div id='kontakt'  class='av-layout-grid-container entry-content-wrapper main_color av-flex-cells     avia-builder-el-56  el_after_av_layout_row  avia-builder-el-last  av-cell-min-height av-cell-min-height-100 submenu-not-first container_wrap fullsize' style=' '   data-av_minimum_height_pc='100'>\n<div class=\"flex_cell no_margin av_one_half  avia-builder-el-57  el_before_av_cell_one_half  avia-builder-el-first   avia-full-contain \" style='background:linear-gradient(45deg,#1589b7,#8cbd2f); vertical-align:middle; padding:100px; background-color:#d3c3bc; '><div class='flex_cell_inner' ><p><div class=\"flex_column av_one_full  flex_column_div av-zero-column-padding first  avia-builder-el-58  el_before_av_one_fifth  avia-builder-el-first  \" style='border-radius:0px; '><section class=\"av_textblock_section \"  itemscope=\"itemscope\" itemtype=\"https:\/\/schema.org\/CreativeWork\" ><div class='avia_textblock  av_inherit_color '  style='color:#ffffff; '  itemprop=\"text\" ><h1 style=\"text-transform: uppercase; vertical-align: bottom; transform: rotate(-3deg);\">Hier findet ihr uns<\/h1>\n<\/div><\/section><\/div><div class=\"flex_column av_one_fifth  flex_column_div av-zero-column-padding first  avia-builder-el-60  el_after_av_one_full  el_before_av_two_fifth  column-top-margin\" style='border-radius:0px; '><\/div><div class=\"flex_column av_two_fifth  flex_column_div av-zero-column-padding   avia-builder-el-61  el_after_av_one_fifth  el_before_av_two_fifth  column-top-margin\" style='border-radius:0px; '><section class=\"av_textblock_section \"  itemscope=\"itemscope\" itemtype=\"https:\/\/schema.org\/CreativeWork\" ><div class='avia_textblock  av_inherit_color '  style='color:#ffffff; '  itemprop=\"text\" ><h2 style=\"text-align: left;\">BIGFISH<\/h2>\n<p style=\"text-align: left;\">Angeln, Sport &amp; Freizeit<br \/>\nFriedrichstra\u00dfe 50<br \/>\n15537 Erkner<\/p>\n<p>Telefonisch erreicht ihr uns unter<br \/>\n<a href=\"tel:+493362299304\">(033 62) 29 93 04<\/a><\/p>\n<\/div><\/section><\/div><div class=\"flex_column av_two_fifth  flex_column_div av-zero-column-padding   avia-builder-el-63  el_after_av_two_fifth  el_before_av_one_fifth  column-top-margin\" style='border-radius:0px; '><section class=\"av_textblock_section \"  itemscope=\"itemscope\" itemtype=\"https:\/\/schema.org\/CreativeWork\" ><div class='avia_textblock  av_inherit_color '  style='color:#ffffff; '  itemprop=\"text\" ><h2 style=\"text-align: left;\">\u00d6ffnungszeiten<\/h2>\n<p style=\"text-align: left;\">Mo bis Fr: 9:00 bis 18:00 Uhr<br \/>\nSa: 9:00 bis 14:00 Uhr<br \/>\nSo: angeln wir privat \ud83d\ude42<\/p>\n<h2><\/h2>\n<\/div><\/section><\/div><div class=\"flex_column av_one_fifth  flex_column_div av-zero-column-padding first  avia-builder-el-65  el_after_av_two_fifth  el_before_av_four_fifth  \" style='border-radius:0px; '><\/div><div class=\"flex_column av_four_fifth  flex_column_div av-zero-column-padding   avia-builder-el-66  el_after_av_one_fifth  avia-builder-el-last  \" style='border-radius:0px; '><div  class='avia-image-container  av-styling-no-styling    avia-builder-el-67  avia-builder-el-no-sibling  avia-align-center '  itemprop=\"image\" itemscope=\"itemscope\" itemtype=\"https:\/\/schema.org\/ImageObject\"  ><div class='avia-image-container-inner'><div class='avia-image-overlay-wrap'><img class='avia_image' src='https:\/\/www.bigfish-angeln.de\/wp-content\/uploads\/2020\/03\/bf_anfahrt_neuer.png' alt='' title='bf_anfahrt_neuer' height=\"921\" width=\"863\"  itemprop=\"thumbnailUrl\"  \/><\/div><\/div><\/div><\/div><\/p>\n<\/div><\/div><div class=\"flex_cell no_margin av_one_half  avia-builder-el-68  el_after_av_cell_one_half  avia-builder-el-last   avia-full-stretch av-hide-on-mobile  \" style='background:url(https:\/\/www.bigfish-angeln.de\/wp-content\/uploads\/2020\/02\/bigfish_pic_angeshop_quer_2-scaled.jpg) top center no-repeat fixed; vertical-align:middle; padding:100px; '><div class='flex_cell_inner' ><\/div><\/div><\/div>\n","protected":false},"excerpt":{"rendered":"","protected":false},"author":2,"featured_media":0,"parent":0,"menu_order":0,"comment_status":"closed","ping_status":"closed","template":"","meta":[],"_links":{"self":[{"href":"https:\/\/www.bigfish-angeln.de\/index.php\/wp-json\/wp\/v2\/pages\/212"}],"collection":[{"href":"https:\/\/www.bigfish-angeln.de\/index.php\/wp-json\/wp\/v2\/pages"}],"about":[{"href":"https:\/\/www.bigfish-angeln.de\/index.php\/wp-json\/wp\/v2\/types\/page"}],"author":[{"embeddable":true,"href":"https:\/\/www.bigfish-angeln.de\/index.php\/wp-json\/wp\/v2\/users\/2"}],"replies":[{"embeddable":true,"href":"https:\/\/www.bigfish-angeln.de\/index.php\/wp-json\/wp\/v2\/comments?post=212"}],"version-history":[{"count":100,"href":"https:\/\/www.bigfish-angeln.de\/index.php\/wp-json\/wp\/v2\/pages\/212\/revisions"}],"predecessor-version":[{"id":478,"href":"https:\/\/www.bigfish-angeln.de\/index.php\/wp-json\/wp\/v2\/pages\/212\/revisions\/478"}],"wp:attachment":[{"href":"https:\/\/www.bigfish-angeln.de\/index.php\/wp-json\/wp\/v2\/media?parent=212"}],"curies":[{"name":"wp","href":"https:\/\/api.w.org\/{rel}","templated":true}]}}